{"id":1109,"date":"2026-03-18T15:16:46","date_gmt":"2026-03-18T14:16:46","guid":{"rendered":"https:\/\/stage982.lemagiedimyemy.it\/?page_id=1109"},"modified":"2026-03-18T15:17:56","modified_gmt":"2026-03-18T14:17:56","slug":"domande-frequenti","status":"publish","type":"page","link":"https:\/\/stage982.lemagiedimyemy.it\/?page_id=1109","title":{"rendered":"Domande frequenti"},"content":{"rendered":"\n<div class=\"wp-block-columns alignwide is-layout-flex wp-container-core-columns-is-layout-28f84493 wp-block-columns-is-layout-flex\">\n<div class=\"wp-block-column is-layout-flow wp-block-column-is-layout-flow\" style=\"flex-basis:38.2%\">\n<h2 class=\"wp-block-heading has-xl-font-size\" style=\"letter-spacing:0.05em;text-transform:uppercase\">Scelta prodotti<\/h2>\n<\/div>\n\n\n\n<div class=\"wp-block-column is-layout-flow wp-block-column-is-layout-flow\" style=\"flex-basis:61.8%\">\n<div class=\"wp-block-group has-secondary-mixed-background-color has-background is-layout-flow wp-container-core-group-is-layout-730c0934 wp-block-group-is-layout-flow\">\n<h3 class=\"wp-block-heading has-l-font-size\">Come faccio ad acquistare un prodotto?<\/h3>\n\n\n\n<hr class=\"wp-block-separator has-alpha-channel-opacity is-style-dotted\"\/>\n\n\n\n<p>Clicca sul prodotto che ti interessa scegli il colore dal men\u00f9 tendina, si aprir\u00e0 un box dove inserire la quantit\u00e0 cliccando sul pi\u00f9 o meno, in alto vedi anche la disponibilit\u00e0.<\/p>\n\n\n\n<p>In questo modo il prodotto \u00e8 inserito nel carrello.<\/p>\n\n\n\n<p>Quando hai aggiunto tutto quello che vuoi acquistare entra nel carrello, e clicca su procedi all\u2019acquisto, che si trova sotto al totale carrello. Di aprir\u00e0 una pagina dove inserire i tuoi dati, se invece sei registrato basta che fai il login.<\/p>\n<\/div>\n\n\n\n<div class=\"wp-block-group has-secondary-mixed-background-color has-background is-layout-flow wp-container-core-group-is-layout-730c0934 wp-block-group-is-layout-flow\">\n<h3 class=\"wp-block-heading has-l-font-size\">Come scelgo il colore del filato che desidero?<\/h3>\n\n\n\n<hr class=\"wp-block-separator has-alpha-channel-opacity is-style-dotted\"\/>\n\n\n\n<p>Quando clicchi sul men\u00f9 a tendina sotto la descrizione del prodotto, ti appaiono tutte le varianti colore presenti, clicca su una di queste e a lato vedrai cambiare l\u2019immagine del prodotto e vedrai quella del colore che hai scelto.<\/p>\n\n\n\n<p>Dopodich\u00e8 ti basta inserire la quantit\u00e0 e cliccare su acquista, la merce verr\u00e0 inserita nel carrello che avrai sempre visibile sulla destra dello schermo.<\/p>\n<\/div>\n<\/div>\n<\/div>\n\n\n\n<hr class=\"wp-block-separator alignwide has-alpha-channel-opacity is-style-wide\"\/>\n\n\n\n<div class=\"wp-block-columns alignwide is-layout-flex wp-container-core-columns-is-layout-28f84493 wp-block-columns-is-layout-flex\">\n<div class=\"wp-block-column is-layout-flow wp-block-column-is-layout-flow\" style=\"flex-basis:38.2%\">\n<h2 class=\"wp-block-heading has-xl-font-size\" style=\"letter-spacing:0.05em;text-transform:uppercase\">ORDINI E SPEDIZIONE<\/h2>\n<\/div>\n\n\n\n<div class=\"wp-block-column is-layout-flow wp-block-column-is-layout-flow\" style=\"flex-basis:61.8%\">\n<div class=\"wp-block-group has-secondary-mixed-background-color has-background is-layout-flow wp-container-core-group-is-layout-730c0934 wp-block-group-is-layout-flow\">\n<h3 class=\"wp-block-heading has-l-font-size\">Quali metodi di pagamento sono accettati?<\/h3>\n\n\n\n<hr class=\"wp-block-separator has-alpha-channel-opacity is-style-dotted\"\/>\n\n\n\n<p>I metodi di pagamento sono due PAYPAL che accetta la maggior parte delle carte di credito, oppure puoi pagare con bonifico bancario. Accettiamo anche pagamento alla consegna (contrassegno) che comporta un supplemento di 3,00 sui costi di spedizione.<\/p>\n\n\n\n<p>Puoi anche ritirare il prodotto in negozio gratuitamente ad Arma di Taggia (IM).<\/p>\n<\/div>\n\n\n\n<div class=\"wp-block-group has-secondary-mixed-background-color has-background is-layout-flow wp-container-core-group-is-layout-730c0934 wp-block-group-is-layout-flow\">\n<h3 class=\"wp-block-heading has-l-font-size\">Quali sono i costi di spedizione?<\/h3>\n\n\n\n<hr class=\"wp-block-separator has-alpha-channel-opacity is-style-dotted\"\/>\n\n\n\n<p>Il costo della spedizione viene indicato al momento del pagamento, per ordini sopra i 79 euro la spedizione \u00e8 gratuita.<\/p>\n\n\n\n<p>Per Venezia laguna e Isole minori il costo varia in base al tipo di spedizione scelta.<\/p>\n<\/div>\n\n\n\n<div class=\"wp-block-group has-secondary-mixed-background-color has-background is-layout-flow wp-container-core-group-is-layout-730c0934 wp-block-group-is-layout-flow\">\n<h3 class=\"wp-block-heading has-l-font-size\">Quali sono i tempi di consegna?<\/h3>\n\n\n\n<hr class=\"wp-block-separator has-alpha-channel-opacity is-style-dotted\"\/>\n\n\n\n<p>Dalle 24 alle 48 h, dalla presa in carico del corriere, noi ci impegniamo a evadere l\u2019ordine il giorno in cui viene effettuato, tranne nel periodo estivo che ci pu\u00f2 volere qualche giorno in pi\u00f9, se hai richieste particolari siamo felici di accontentarti.<\/p>\n<\/div>\n\n\n\n<div class=\"wp-block-group has-secondary-mixed-background-color has-background is-layout-flow wp-container-core-group-is-layout-730c0934 wp-block-group-is-layout-flow\">\n<h3 class=\"wp-block-heading has-l-font-size\">Posso effettuare un reso?<\/h3>\n\n\n\n<hr class=\"wp-block-separator has-alpha-channel-opacity is-style-dotted\"\/>\n\n\n\n<p>Certamente e ti invitiamo a leggere <a href=\"\/?page_id=10\">qui<\/a> la nostra politica sui resi e le relative istruzioni.<\/p>\n<\/div>\n<\/div>\n<\/div>\n\n\n\n<hr class=\"wp-block-separator alignwide has-alpha-channel-opacity is-style-wide\"\/>\n\n\n\n<h3 class=\"wp-block-heading has-text-align-center\">Hai altre domande?<\/h3>\n\n\n\n<div class=\"wp-block-buttons is-content-justification-center is-layout-flex wp-container-core-buttons-is-layout-a89b3969 wp-block-buttons-is-layout-flex\">\n<div class=\"wp-block-button\"><a class=\"wp-block-button__link has-text-align-center wp-element-button\">CONTATTAMI!<\/a><\/div>\n<\/div>\n\n\n\n<p><\/p>\n","protected":false},"excerpt":{"rendered":"<p>Scelta prodotti Come faccio ad acquistare un prodotto? Clicca sul prodotto che ti interessa scegli il colore dal men\u00f9 tendina, si aprir\u00e0 un box&hellip;<\/p>\n","protected":false},"author":1,"featured_media":1110,"parent":0,"menu_order":0,"comment_status":"closed","ping_status":"closed","template":"","meta":{"footnotes":""},"class_list":["post-1109","page","type-page","status-publish","has-post-thumbnail","hentry"],"yoast_head":"<!-- This site is optimized with the Yoast SEO plugin v27.6 - https:\/\/yoast.com\/product\/yoast-seo-wordpress\/ -->\n<title>Domande frequenti - Le Magie di My Emy<\/title>\n<meta name=\"robots\" content=\"index, follow, max-snippet:-1, max-image-preview:large, max-video-preview:-1\" \/>\n<link rel=\"canonical\" href=\"https:\/\/stage982.lemagiedimyemy.it\/?page_id=1109\" \/>\n<meta property=\"og:locale\" content=\"it_IT\" \/>\n<meta property=\"og:type\" content=\"article\" \/>\n<meta property=\"og:title\" content=\"Domande frequenti - Le Magie di My Emy\" \/>\n<meta property=\"og:description\" content=\"Scelta prodotti Come faccio ad acquistare un prodotto? Clicca sul prodotto che ti interessa scegli il colore dal men\u00f9 tendina, si aprir\u00e0 un box&hellip;\" \/>\n<meta property=\"og:url\" content=\"https:\/\/stage982.lemagiedimyemy.it\/?page_id=1109\" \/>\n<meta property=\"og:site_name\" content=\"Le Magie di My Emy\" \/>\n<meta property=\"article:modified_time\" content=\"2026-03-18T14:17:56+00:00\" \/>\n<meta property=\"og:image\" content=\"https:\/\/stage982.lemagiedimyemy.it\/wp-content\/uploads\/2026\/03\/about-phone.jpg\" \/>\n\t<meta property=\"og:image:width\" content=\"1920\" \/>\n\t<meta property=\"og:image:height\" content=\"1440\" \/>\n\t<meta property=\"og:image:type\" content=\"image\/jpeg\" \/>\n<meta name=\"twitter:card\" content=\"summary_large_image\" \/>\n<meta name=\"twitter:label1\" content=\"Tempo di lettura stimato\" \/>\n\t<meta name=\"twitter:data1\" content=\"2 minuti\" \/>\n<script type=\"application\/ld+json\" class=\"yoast-schema-graph\">{\"@context\":\"https:\\\/\\\/schema.org\",\"@graph\":[{\"@type\":\"WebPage\",\"@id\":\"https:\\\/\\\/stage982.lemagiedimyemy.it\\\/?page_id=1109\",\"url\":\"https:\\\/\\\/stage982.lemagiedimyemy.it\\\/?page_id=1109\",\"name\":\"Domande frequenti - Le Magie di My Emy\",\"isPartOf\":{\"@id\":\"https:\\\/\\\/stage982.lemagiedimyemy.it\\\/#website\"},\"primaryImageOfPage\":{\"@id\":\"https:\\\/\\\/stage982.lemagiedimyemy.it\\\/?page_id=1109#primaryimage\"},\"image\":{\"@id\":\"https:\\\/\\\/stage982.lemagiedimyemy.it\\\/?page_id=1109#primaryimage\"},\"thumbnailUrl\":\"https:\\\/\\\/stage982.lemagiedimyemy.it\\\/wp-content\\\/uploads\\\/2026\\\/03\\\/about-phone.jpg\",\"datePublished\":\"2026-03-18T14:16:46+00:00\",\"dateModified\":\"2026-03-18T14:17:56+00:00\",\"breadcrumb\":{\"@id\":\"https:\\\/\\\/stage982.lemagiedimyemy.it\\\/?page_id=1109#breadcrumb\"},\"inLanguage\":\"it-IT\",\"potentialAction\":[{\"@type\":\"ReadAction\",\"target\":[\"https:\\\/\\\/stage982.lemagiedimyemy.it\\\/?page_id=1109\"]}]},{\"@type\":\"ImageObject\",\"inLanguage\":\"it-IT\",\"@id\":\"https:\\\/\\\/stage982.lemagiedimyemy.it\\\/?page_id=1109#primaryimage\",\"url\":\"https:\\\/\\\/stage982.lemagiedimyemy.it\\\/wp-content\\\/uploads\\\/2026\\\/03\\\/about-phone.jpg\",\"contentUrl\":\"https:\\\/\\\/stage982.lemagiedimyemy.it\\\/wp-content\\\/uploads\\\/2026\\\/03\\\/about-phone.jpg\",\"width\":1920,\"height\":1440,\"caption\":\"donna con smartphone in mano\"},{\"@type\":\"BreadcrumbList\",\"@id\":\"https:\\\/\\\/stage982.lemagiedimyemy.it\\\/?page_id=1109#breadcrumb\",\"itemListElement\":[{\"@type\":\"ListItem\",\"position\":1,\"name\":\"Home\",\"item\":\"https:\\\/\\\/stage982.lemagiedimyemy.it\\\/\"},{\"@type\":\"ListItem\",\"position\":2,\"name\":\"Domande frequenti\"}]},{\"@type\":\"WebSite\",\"@id\":\"https:\\\/\\\/stage982.lemagiedimyemy.it\\\/#website\",\"url\":\"https:\\\/\\\/stage982.lemagiedimyemy.it\\\/\",\"name\":\"Le Magie di My Emy\",\"description\":\"Filati e merceria per chi ama creare con il cuore... punto dopo punto!\",\"publisher\":{\"@id\":\"https:\\\/\\\/stage982.lemagiedimyemy.it\\\/#organization\"},\"potentialAction\":[{\"@type\":\"SearchAction\",\"target\":{\"@type\":\"EntryPoint\",\"urlTemplate\":\"https:\\\/\\\/stage982.lemagiedimyemy.it\\\/?s={search_term_string}\"},\"query-input\":{\"@type\":\"PropertyValueSpecification\",\"valueRequired\":true,\"valueName\":\"search_term_string\"}}],\"inLanguage\":\"it-IT\"},{\"@type\":\"Organization\",\"@id\":\"https:\\\/\\\/stage982.lemagiedimyemy.it\\\/#organization\",\"name\":\"Le Magie di My Emy\",\"url\":\"https:\\\/\\\/stage982.lemagiedimyemy.it\\\/\",\"logo\":{\"@type\":\"ImageObject\",\"inLanguage\":\"it-IT\",\"@id\":\"https:\\\/\\\/stage982.lemagiedimyemy.it\\\/#\\\/schema\\\/logo\\\/image\\\/\",\"url\":\"https:\\\/\\\/stage982.lemagiedimyemy.it\\\/wp-content\\\/uploads\\\/2026\\\/02\\\/logo_trasp-e1772268729345.png\",\"contentUrl\":\"https:\\\/\\\/stage982.lemagiedimyemy.it\\\/wp-content\\\/uploads\\\/2026\\\/02\\\/logo_trasp-e1772268729345.png\",\"width\":1336,\"height\":860,\"caption\":\"Le Magie di My Emy\"},\"image\":{\"@id\":\"https:\\\/\\\/stage982.lemagiedimyemy.it\\\/#\\\/schema\\\/logo\\\/image\\\/\"}}]}<\/script>\n<!-- \/ Yoast SEO plugin. -->","yoast_head_json":{"title":"Domande frequenti - Le Magie di My Emy","robots":{"index":"index","follow":"follow","max-snippet":"max-snippet:-1","max-image-preview":"max-image-preview:large","max-video-preview":"max-video-preview:-1"},"canonical":"https:\/\/stage982.lemagiedimyemy.it\/?page_id=1109","og_locale":"it_IT","og_type":"article","og_title":"Domande frequenti - Le Magie di My Emy","og_description":"Scelta prodotti Come faccio ad acquistare un prodotto? Clicca sul prodotto che ti interessa scegli il colore dal men\u00f9 tendina, si aprir\u00e0 un box&hellip;","og_url":"https:\/\/stage982.lemagiedimyemy.it\/?page_id=1109","og_site_name":"Le Magie di My Emy","article_modified_time":"2026-03-18T14:17:56+00:00","og_image":[{"width":1920,"height":1440,"url":"https:\/\/stage982.lemagiedimyemy.it\/wp-content\/uploads\/2026\/03\/about-phone.jpg","type":"image\/jpeg"}],"twitter_card":"summary_large_image","twitter_misc":{"Tempo di lettura stimato":"2 minuti"},"schema":{"@context":"https:\/\/schema.org","@graph":[{"@type":"WebPage","@id":"https:\/\/stage982.lemagiedimyemy.it\/?page_id=1109","url":"https:\/\/stage982.lemagiedimyemy.it\/?page_id=1109","name":"Domande frequenti - Le Magie di My Emy","isPartOf":{"@id":"https:\/\/stage982.lemagiedimyemy.it\/#website"},"primaryImageOfPage":{"@id":"https:\/\/stage982.lemagiedimyemy.it\/?page_id=1109#primaryimage"},"image":{"@id":"https:\/\/stage982.lemagiedimyemy.it\/?page_id=1109#primaryimage"},"thumbnailUrl":"https:\/\/stage982.lemagiedimyemy.it\/wp-content\/uploads\/2026\/03\/about-phone.jpg","datePublished":"2026-03-18T14:16:46+00:00","dateModified":"2026-03-18T14:17:56+00:00","breadcrumb":{"@id":"https:\/\/stage982.lemagiedimyemy.it\/?page_id=1109#breadcrumb"},"inLanguage":"it-IT","potentialAction":[{"@type":"ReadAction","target":["https:\/\/stage982.lemagiedimyemy.it\/?page_id=1109"]}]},{"@type":"ImageObject","inLanguage":"it-IT","@id":"https:\/\/stage982.lemagiedimyemy.it\/?page_id=1109#primaryimage","url":"https:\/\/stage982.lemagiedimyemy.it\/wp-content\/uploads\/2026\/03\/about-phone.jpg","contentUrl":"https:\/\/stage982.lemagiedimyemy.it\/wp-content\/uploads\/2026\/03\/about-phone.jpg","width":1920,"height":1440,"caption":"donna con smartphone in mano"},{"@type":"BreadcrumbList","@id":"https:\/\/stage982.lemagiedimyemy.it\/?page_id=1109#breadcrumb","itemListElement":[{"@type":"ListItem","position":1,"name":"Home","item":"https:\/\/stage982.lemagiedimyemy.it\/"},{"@type":"ListItem","position":2,"name":"Domande frequenti"}]},{"@type":"WebSite","@id":"https:\/\/stage982.lemagiedimyemy.it\/#website","url":"https:\/\/stage982.lemagiedimyemy.it\/","name":"Le Magie di My Emy","description":"Filati e merceria per chi ama creare con il cuore... punto dopo punto!","publisher":{"@id":"https:\/\/stage982.lemagiedimyemy.it\/#organization"},"potentialAction":[{"@type":"SearchAction","target":{"@type":"EntryPoint","urlTemplate":"https:\/\/stage982.lemagiedimyemy.it\/?s={search_term_string}"},"query-input":{"@type":"PropertyValueSpecification","valueRequired":true,"valueName":"search_term_string"}}],"inLanguage":"it-IT"},{"@type":"Organization","@id":"https:\/\/stage982.lemagiedimyemy.it\/#organization","name":"Le Magie di My Emy","url":"https:\/\/stage982.lemagiedimyemy.it\/","logo":{"@type":"ImageObject","inLanguage":"it-IT","@id":"https:\/\/stage982.lemagiedimyemy.it\/#\/schema\/logo\/image\/","url":"https:\/\/stage982.lemagiedimyemy.it\/wp-content\/uploads\/2026\/02\/logo_trasp-e1772268729345.png","contentUrl":"https:\/\/stage982.lemagiedimyemy.it\/wp-content\/uploads\/2026\/02\/logo_trasp-e1772268729345.png","width":1336,"height":860,"caption":"Le Magie di My Emy"},"image":{"@id":"https:\/\/stage982.lemagiedimyemy.it\/#\/schema\/logo\/image\/"}}]}},"_links":{"self":[{"href":"https:\/\/stage982.lemagiedimyemy.it\/index.php?rest_route=\/wp\/v2\/pages\/1109","targetHints":{"allow":["GET"]}}],"collection":[{"href":"https:\/\/stage982.lemagiedimyemy.it\/index.php?rest_route=\/wp\/v2\/pages"}],"about":[{"href":"https:\/\/stage982.lemagiedimyemy.it\/index.php?rest_route=\/wp\/v2\/types\/page"}],"author":[{"embeddable":true,"href":"https:\/\/stage982.lemagiedimyemy.it\/index.php?rest_route=\/wp\/v2\/users\/1"}],"replies":[{"embeddable":true,"href":"https:\/\/stage982.lemagiedimyemy.it\/index.php?rest_route=%2Fwp%2Fv2%2Fcomments&post=1109"}],"version-history":[{"count":2,"href":"https:\/\/stage982.lemagiedimyemy.it\/index.php?rest_route=\/wp\/v2\/pages\/1109\/revisions"}],"predecessor-version":[{"id":1112,"href":"https:\/\/stage982.lemagiedimyemy.it\/index.php?rest_route=\/wp\/v2\/pages\/1109\/revisions\/1112"}],"wp:featuredmedia":[{"embeddable":true,"href":"https:\/\/stage982.lemagiedimyemy.it\/index.php?rest_route=\/wp\/v2\/media\/1110"}],"wp:attachment":[{"href":"https:\/\/stage982.lemagiedimyemy.it\/index.php?rest_route=%2Fwp%2Fv2%2Fmedia&parent=1109"}],"curies":[{"name":"wp","href":"https:\/\/api.w.org\/{rel}","templated":true}]}}