{"id":1055,"date":"2026-03-15T17:12:19","date_gmt":"2026-03-15T16:12:19","guid":{"rendered":"https:\/\/stage982.lemagiedimyemy.it\/?page_id=1055"},"modified":"2026-03-25T16:04:04","modified_gmt":"2026-03-25T15:04:04","slug":"1055-2","status":"publish","type":"page","link":"https:\/\/stage982.lemagiedimyemy.it\/?page_id=1055","title":{"rendered":"Chi sono"},"content":{"rendered":"\n<h2 class=\"wp-block-heading has-m-font-size\">Emilia Di Blasio.<br>Sognatrice &amp; Filatrice.<\/h2>\n\n\n\n<p class=\"has-m-font-size\">Sono <strong>Emilia Di Blasio<\/strong> e il lavoro a maglia \u00e8 la mia passione.<br>\u00c9 un&#8217;eredit\u00e0 trasmessa da <strong>Nonna Emilia<\/strong>, che sferruzzava in ogni momento libero della giornata e si produceva addirittura la lana da sola, nelle lontane terre abruzzesi dove la lana \u00e9 di casa grazie a numerosi allevamenti ovicoli.<br>Anche<strong>Mamma Mafalda<\/strong> ama sferruzzare tutto il giorno quasi compulsivamente: ancora oggi sforna capi a tutto andare, tanto che in negozio ho dato vita al marchio <em>I Capi di Nonna Mafalda<\/em> in suo onore.<\/p>\n\n\n\n<p class=\"has-m-font-size\">Ho sempre sognato di avere un negozio di filati tutto per me: un desiderio rimasto nel cassetto per tanto tempo e che finalmente si \u00e9 avverato grazie alla determinazione di mio marito, che ha insistito tanto affinch\u00e9 non mollassi mai e che realizzassi concretamente la mia passione che oggi \u00e9 ben rappresentata nel negozio che ho sempre sognato.<\/p>\n\n\n\n<p class=\"has-m-font-size\"><strong>Le Magie di My Emy<\/strong> sono in <strong>Via della Stazione 19 <\/strong>ad<strong>Arma di Taggia (IM)<\/strong>, nel cuore del Ponente Ligure, dal 2004.<br>Seleziono costantemente i migliori marchi per offrire una qualit\u00e1 sempre pi\u00fa rara, oggi, nei capi che indossiamo: da <strong>Katia<\/strong> fino a <strong>Malabrigo<\/strong>, da <strong>Rowan<\/strong> a <strong>Lana Grossa<\/strong>, fino a <strong>Lang, Sesia e Laines Du Nord<\/strong>, cerco di offrire alle mie clienti una rappresentazione pi\u00fa che valida del mondo dei filati in tutte le sue sfumature, accompagnate da accessori indispensabili come ferri e uncinetti <strong>Knit-Pro, Prym e Pony<\/strong>. Insieme a bottoni, alamari e molti altri accessori propongo tutto ci\u00f3 che serve, insomma, per rifinire fino all&#8217;ultimo dettaglio un capo che senza dubbio sar\u00e1 di grande qualit\u00e1.<\/p>\n\n\n\n<p class=\"has-m-font-size\">Durante l&#8217;anno ospito numerosi eventi ed incontri con i migliori knitter italiani: fino ad oggi abbiamo avuto il piacere di portare in negozio<strong> Emma Fassio, Valentina Cosciani, Quique L. Vazquez, Alessandro Estrella, Annalisa Dione, Fabio Quarantotto, Linda Allegra<\/strong> e <strong>Carla Positano<\/strong>.<\/p>\n\n\n\n<p class=\"has-m-font-size\">Inoltre il mercoled\u00ec, il gioved\u00ec e il sabato ci saranno corsi dedicati alle varie tecniche di lavorazione a maglia e uncinetto. Tra una chiacchiera e l&#8217;altra, fra un dolcetto ed un caff\u00e8, si impara un&#8217;arte meravigliosa divertendosi in compagnia.<\/p>\n\n\n\n<p class=\"has-m-font-size\">Vi aspetto!<\/p>\n\n\n","protected":false},"excerpt":{"rendered":"<p>Emilia Di Blasio.Sognatrice &amp; Filatrice. Sono Emilia Di Blasio e il lavoro a maglia \u00e8 la mia passione.\u00c9 un&#8217;eredit\u00e0 trasmessa da Nonna Emilia, che&hellip;<\/p>\n","protected":false},"author":1,"featured_media":70,"parent":0,"menu_order":0,"comment_status":"closed","ping_status":"closed","template":"","meta":{"footnotes":""},"class_list":["post-1055","page","type-page","status-publish","has-post-thumbnail","hentry"],"yoast_head":"<!-- This site is optimized with the Yoast SEO plugin v27.6 - https:\/\/yoast.com\/product\/yoast-seo-wordpress\/ -->\n<title>Chi sono - Le Magie di My Emy<\/title>\n<meta name=\"robots\" content=\"index, follow, max-snippet:-1, max-image-preview:large, max-video-preview:-1\" \/>\n<link rel=\"canonical\" href=\"https:\/\/stage982.lemagiedimyemy.it\/?page_id=1055\" \/>\n<meta property=\"og:locale\" content=\"it_IT\" \/>\n<meta property=\"og:type\" content=\"article\" \/>\n<meta property=\"og:title\" content=\"Chi sono - Le Magie di My Emy\" \/>\n<meta property=\"og:description\" content=\"Emilia Di Blasio.Sognatrice &amp; Filatrice. Sono Emilia Di Blasio e il lavoro a maglia \u00e8 la mia passione.\u00c9 un&#8217;eredit\u00e0 trasmessa da Nonna Emilia, che&hellip;\" \/>\n<meta property=\"og:url\" content=\"https:\/\/stage982.lemagiedimyemy.it\/?page_id=1055\" \/>\n<meta property=\"og:site_name\" content=\"Le Magie di My Emy\" \/>\n<meta property=\"article:modified_time\" content=\"2026-03-25T15:04:04+00:00\" \/>\n<meta property=\"og:image\" content=\"https:\/\/stage982.lemagiedimyemy.it\/wp-content\/uploads\/2026\/02\/lemagiedimyemy-20251121_205634-3252875839.webp\" \/>\n\t<meta property=\"og:image:width\" content=\"1440\" \/>\n\t<meta property=\"og:image:height\" content=\"1440\" \/>\n\t<meta property=\"og:image:type\" content=\"image\/webp\" \/>\n<meta name=\"twitter:card\" content=\"summary_large_image\" \/>\n<meta name=\"twitter:label1\" content=\"Tempo di lettura stimato\" \/>\n\t<meta name=\"twitter:data1\" content=\"3 minuti\" \/>\n<script type=\"application\/ld+json\" class=\"yoast-schema-graph\">{\"@context\":\"https:\\\/\\\/schema.org\",\"@graph\":[{\"@type\":\"WebPage\",\"@id\":\"https:\\\/\\\/stage982.lemagiedimyemy.it\\\/?page_id=1055\",\"url\":\"https:\\\/\\\/stage982.lemagiedimyemy.it\\\/?page_id=1055\",\"name\":\"Chi sono - Le Magie di My Emy\",\"isPartOf\":{\"@id\":\"https:\\\/\\\/stage982.lemagiedimyemy.it\\\/#website\"},\"primaryImageOfPage\":{\"@id\":\"https:\\\/\\\/stage982.lemagiedimyemy.it\\\/?page_id=1055#primaryimage\"},\"image\":{\"@id\":\"https:\\\/\\\/stage982.lemagiedimyemy.it\\\/?page_id=1055#primaryimage\"},\"thumbnailUrl\":\"https:\\\/\\\/stage982.lemagiedimyemy.it\\\/wp-content\\\/uploads\\\/2026\\\/02\\\/lemagiedimyemy-20251121_205634-3252875839.webp\",\"datePublished\":\"2026-03-15T16:12:19+00:00\",\"dateModified\":\"2026-03-25T15:04:04+00:00\",\"breadcrumb\":{\"@id\":\"https:\\\/\\\/stage982.lemagiedimyemy.it\\\/?page_id=1055#breadcrumb\"},\"inLanguage\":\"it-IT\",\"potentialAction\":[{\"@type\":\"ReadAction\",\"target\":[\"https:\\\/\\\/stage982.lemagiedimyemy.it\\\/?page_id=1055\"]}]},{\"@type\":\"ImageObject\",\"inLanguage\":\"it-IT\",\"@id\":\"https:\\\/\\\/stage982.lemagiedimyemy.it\\\/?page_id=1055#primaryimage\",\"url\":\"https:\\\/\\\/stage982.lemagiedimyemy.it\\\/wp-content\\\/uploads\\\/2026\\\/02\\\/lemagiedimyemy-20251121_205634-3252875839.webp\",\"contentUrl\":\"https:\\\/\\\/stage982.lemagiedimyemy.it\\\/wp-content\\\/uploads\\\/2026\\\/02\\\/lemagiedimyemy-20251121_205634-3252875839.webp\",\"width\":1440,\"height\":1440},{\"@type\":\"BreadcrumbList\",\"@id\":\"https:\\\/\\\/stage982.lemagiedimyemy.it\\\/?page_id=1055#breadcrumb\",\"itemListElement\":[{\"@type\":\"ListItem\",\"position\":1,\"name\":\"Home\",\"item\":\"https:\\\/\\\/stage982.lemagiedimyemy.it\\\/\"},{\"@type\":\"ListItem\",\"position\":2,\"name\":\"Chi sono\"}]},{\"@type\":\"WebSite\",\"@id\":\"https:\\\/\\\/stage982.lemagiedimyemy.it\\\/#website\",\"url\":\"https:\\\/\\\/stage982.lemagiedimyemy.it\\\/\",\"name\":\"Le Magie di My Emy\",\"description\":\"Filati e merceria per chi ama creare con il cuore... punto dopo punto!\",\"publisher\":{\"@id\":\"https:\\\/\\\/stage982.lemagiedimyemy.it\\\/#organization\"},\"potentialAction\":[{\"@type\":\"SearchAction\",\"target\":{\"@type\":\"EntryPoint\",\"urlTemplate\":\"https:\\\/\\\/stage982.lemagiedimyemy.it\\\/?s={search_term_string}\"},\"query-input\":{\"@type\":\"PropertyValueSpecification\",\"valueRequired\":true,\"valueName\":\"search_term_string\"}}],\"inLanguage\":\"it-IT\"},{\"@type\":\"Organization\",\"@id\":\"https:\\\/\\\/stage982.lemagiedimyemy.it\\\/#organization\",\"name\":\"Le Magie di My Emy\",\"url\":\"https:\\\/\\\/stage982.lemagiedimyemy.it\\\/\",\"logo\":{\"@type\":\"ImageObject\",\"inLanguage\":\"it-IT\",\"@id\":\"https:\\\/\\\/stage982.lemagiedimyemy.it\\\/#\\\/schema\\\/logo\\\/image\\\/\",\"url\":\"https:\\\/\\\/stage982.lemagiedimyemy.it\\\/wp-content\\\/uploads\\\/2026\\\/02\\\/logo_trasp-e1772268729345.png\",\"contentUrl\":\"https:\\\/\\\/stage982.lemagiedimyemy.it\\\/wp-content\\\/uploads\\\/2026\\\/02\\\/logo_trasp-e1772268729345.png\",\"width\":1336,\"height\":860,\"caption\":\"Le Magie di My Emy\"},\"image\":{\"@id\":\"https:\\\/\\\/stage982.lemagiedimyemy.it\\\/#\\\/schema\\\/logo\\\/image\\\/\"}}]}<\/script>\n<!-- \/ Yoast SEO plugin. -->","yoast_head_json":{"title":"Chi sono - Le Magie di My Emy","robots":{"index":"index","follow":"follow","max-snippet":"max-snippet:-1","max-image-preview":"max-image-preview:large","max-video-preview":"max-video-preview:-1"},"canonical":"https:\/\/stage982.lemagiedimyemy.it\/?page_id=1055","og_locale":"it_IT","og_type":"article","og_title":"Chi sono - Le Magie di My Emy","og_description":"Emilia Di Blasio.Sognatrice &amp; Filatrice. Sono Emilia Di Blasio e il lavoro a maglia \u00e8 la mia passione.\u00c9 un&#8217;eredit\u00e0 trasmessa da Nonna Emilia, che&hellip;","og_url":"https:\/\/stage982.lemagiedimyemy.it\/?page_id=1055","og_site_name":"Le Magie di My Emy","article_modified_time":"2026-03-25T15:04:04+00:00","og_image":[{"width":1440,"height":1440,"url":"https:\/\/stage982.lemagiedimyemy.it\/wp-content\/uploads\/2026\/02\/lemagiedimyemy-20251121_205634-3252875839.webp","type":"image\/webp"}],"twitter_card":"summary_large_image","twitter_misc":{"Tempo di lettura stimato":"3 minuti"},"schema":{"@context":"https:\/\/schema.org","@graph":[{"@type":"WebPage","@id":"https:\/\/stage982.lemagiedimyemy.it\/?page_id=1055","url":"https:\/\/stage982.lemagiedimyemy.it\/?page_id=1055","name":"Chi sono - Le Magie di My Emy","isPartOf":{"@id":"https:\/\/stage982.lemagiedimyemy.it\/#website"},"primaryImageOfPage":{"@id":"https:\/\/stage982.lemagiedimyemy.it\/?page_id=1055#primaryimage"},"image":{"@id":"https:\/\/stage982.lemagiedimyemy.it\/?page_id=1055#primaryimage"},"thumbnailUrl":"https:\/\/stage982.lemagiedimyemy.it\/wp-content\/uploads\/2026\/02\/lemagiedimyemy-20251121_205634-3252875839.webp","datePublished":"2026-03-15T16:12:19+00:00","dateModified":"2026-03-25T15:04:04+00:00","breadcrumb":{"@id":"https:\/\/stage982.lemagiedimyemy.it\/?page_id=1055#breadcrumb"},"inLanguage":"it-IT","potentialAction":[{"@type":"ReadAction","target":["https:\/\/stage982.lemagiedimyemy.it\/?page_id=1055"]}]},{"@type":"ImageObject","inLanguage":"it-IT","@id":"https:\/\/stage982.lemagiedimyemy.it\/?page_id=1055#primaryimage","url":"https:\/\/stage982.lemagiedimyemy.it\/wp-content\/uploads\/2026\/02\/lemagiedimyemy-20251121_205634-3252875839.webp","contentUrl":"https:\/\/stage982.lemagiedimyemy.it\/wp-content\/uploads\/2026\/02\/lemagiedimyemy-20251121_205634-3252875839.webp","width":1440,"height":1440},{"@type":"BreadcrumbList","@id":"https:\/\/stage982.lemagiedimyemy.it\/?page_id=1055#breadcrumb","itemListElement":[{"@type":"ListItem","position":1,"name":"Home","item":"https:\/\/stage982.lemagiedimyemy.it\/"},{"@type":"ListItem","position":2,"name":"Chi sono"}]},{"@type":"WebSite","@id":"https:\/\/stage982.lemagiedimyemy.it\/#website","url":"https:\/\/stage982.lemagiedimyemy.it\/","name":"Le Magie di My Emy","description":"Filati e merceria per chi ama creare con il cuore... punto dopo punto!","publisher":{"@id":"https:\/\/stage982.lemagiedimyemy.it\/#organization"},"potentialAction":[{"@type":"SearchAction","target":{"@type":"EntryPoint","urlTemplate":"https:\/\/stage982.lemagiedimyemy.it\/?s={search_term_string}"},"query-input":{"@type":"PropertyValueSpecification","valueRequired":true,"valueName":"search_term_string"}}],"inLanguage":"it-IT"},{"@type":"Organization","@id":"https:\/\/stage982.lemagiedimyemy.it\/#organization","name":"Le Magie di My Emy","url":"https:\/\/stage982.lemagiedimyemy.it\/","logo":{"@type":"ImageObject","inLanguage":"it-IT","@id":"https:\/\/stage982.lemagiedimyemy.it\/#\/schema\/logo\/image\/","url":"https:\/\/stage982.lemagiedimyemy.it\/wp-content\/uploads\/2026\/02\/logo_trasp-e1772268729345.png","contentUrl":"https:\/\/stage982.lemagiedimyemy.it\/wp-content\/uploads\/2026\/02\/logo_trasp-e1772268729345.png","width":1336,"height":860,"caption":"Le Magie di My Emy"},"image":{"@id":"https:\/\/stage982.lemagiedimyemy.it\/#\/schema\/logo\/image\/"}}]}},"_links":{"self":[{"href":"https:\/\/stage982.lemagiedimyemy.it\/index.php?rest_route=\/wp\/v2\/pages\/1055","targetHints":{"allow":["GET"]}}],"collection":[{"href":"https:\/\/stage982.lemagiedimyemy.it\/index.php?rest_route=\/wp\/v2\/pages"}],"about":[{"href":"https:\/\/stage982.lemagiedimyemy.it\/index.php?rest_route=\/wp\/v2\/types\/page"}],"author":[{"embeddable":true,"href":"https:\/\/stage982.lemagiedimyemy.it\/index.php?rest_route=\/wp\/v2\/users\/1"}],"replies":[{"embeddable":true,"href":"https:\/\/stage982.lemagiedimyemy.it\/index.php?rest_route=%2Fwp%2Fv2%2Fcomments&post=1055"}],"version-history":[{"count":5,"href":"https:\/\/stage982.lemagiedimyemy.it\/index.php?rest_route=\/wp\/v2\/pages\/1055\/revisions"}],"predecessor-version":[{"id":1249,"href":"https:\/\/stage982.lemagiedimyemy.it\/index.php?rest_route=\/wp\/v2\/pages\/1055\/revisions\/1249"}],"wp:featuredmedia":[{"embeddable":true,"href":"https:\/\/stage982.lemagiedimyemy.it\/index.php?rest_route=\/wp\/v2\/media\/70"}],"wp:attachment":[{"href":"https:\/\/stage982.lemagiedimyemy.it\/index.php?rest_route=%2Fwp%2Fv2%2Fmedia&parent=1055"}],"curies":[{"name":"wp","href":"https:\/\/api.w.org\/{rel}","templated":true}]}}