{"id":10,"date":"2026-03-09T19:35:56","date_gmt":"2026-03-09T18:35:56","guid":{"rendered":"https:\/\/stage982.lemagiedimyemy.it\/?page_id=10"},"modified":"2026-03-15T09:16:36","modified_gmt":"2026-03-15T08:16:36","slug":"rimborso_reso","status":"publish","type":"page","link":"https:\/\/stage982.lemagiedimyemy.it\/?page_id=10","title":{"rendered":"Politica di rimborso e reso"},"content":{"rendered":"\n<p><strong>Modalit\u00e0 di Pagamento Accettate<\/strong><\/p>\n\n\n\n<ul class=\"wp-block-list\">\n<li>Paypal (permette anche il pagamento diretto con Carta di Credito)<\/li>\n\n\n\n<li>Bonifico Bancario<\/li>\n\n\n\n<li>Contrassegno \/ Pagamento alla consegna costo <strong>3,00 euro<\/strong> oltre le spese di spedizione. Viene addebitato per qualsiasi importo dell&#8217;ordine.<\/li>\n<\/ul>\n\n\n\n<p><strong>Fattura Fiscale<\/strong><\/p>\n\n\n\n<p>La Fattura Fiscale va richiesta al momento dell&#8217;Ordine, indicando tutti i dati ,la P.IVA e Codice Fiscale nell&#8217;apposito campo dell&#8217;Anagrafica Cliente e segnalando la richiesta nelle note e indicando intestazione della Partita Iva se diversa da persona fisica<\/p>\n\n\n\n<p>L&#8217;importo minimo per la richiesta di Fattura \u00e8 di \u20ac 180,00 IVA inclusa.<\/p>\n\n\n\n<p><strong>Spedizioni<\/strong><\/p>\n\n\n\n<p>Le spedizioni in tutta Italia, escluse Venezia Laguna e Isole Minori, avverranno attraverso metodo tracciato con Corriere GLS al costo di euro 5,90 per ordini inferiori a 59,00 euro e con nessun costo (spedizione gratuita) per ordini superiori a 59,00 euro.<\/p>\n\n\n\n<p>Le spedizioni nelle seguenti zone, ovvero Venezia e Isole Minori, avverranno a scelta del cliente mediante Poste Italiane con spedizione non tracciata al costo di euro 9,90 oppure mediante Corriere GLS con spedizione tracciata al costo di euro 22,00.<\/p>\n\n\n\n<p><strong>Condizioni di Spedizione<\/strong><\/p>\n\n\n\n<p><em>Spedizione non tracciata con Poste Italiane<\/em> &#8211; In caso di Spedizione non tracciata mediante Poste Italiane, la merce viaggia ad esclusivo rischio dell&#8217;acquirente, il quale accetta ed assume ogni rischio di smarrimento e\/o furto durante il trasporto. Si intende che nessun tipo di rimborso e\/o indennizzo rimarr\u00e0 a carico del mittente, restando ci\u00f2 esclusiva responsabilit\u00e0 delle Poste Italiane che si sono fatte carico della consegna.<\/p>\n\n\n\n<p><em>Spedizione tracciata con Corriere GLS<\/em> &#8211; Nel caso la merce venga spedita con Spedizione tracciata mediante Corriere GLS, la merce viaggia sempre ad esclusivo rischio dell&#8217;acquirente, ma questi, in caso di smarrimento avr\u00e0 diritto al rimborso del controvalore merce dichiarato ed assicurato.<\/p>\n\n\n\n<p><strong>Evasione dell\u2019ordine<\/strong><\/p>\n\n\n\n<p>L&#8217;evasione dell&#8217;Ordine avviene, di norma, entro 72 ore dalla ricezione della nostra mail di conferma, salvo diversamente indicato nelle singole schede prodotto, per ragioni connesse alla tipologia dei prodotti stessi.<\/p>\n\n\n\n<p>Utilizzando la spedizione con Corriere GLS il pacco sar\u00e0 a destinazione, salvo imprevisti, entro 2 giorni lavorativi dalla data di invio dell&#8217;ordine, a esclusione delle Isole e zone fuori logisitca, in tal caso possono occorrere anche fino a 4\/5 giorni.<\/p>\n\n\n\n<p>Vi verr\u00e0 inviata tramite mail il codice di tracciabilit\u00e0 al momento dell&#8217;evasione dell&#8217;ordine.<\/p>\n\n\n\n<p>Utilizzando la spedizione con Poste Italiane, il plico sar\u00e0 invece a destinazione, di norma e salvo imprevisti, entro 5 giorni lavorativi dalla data di invio dell&#8217;ordine, ma i tempi, in questo caso, non sono garantiti.<\/p>\n\n\n\n<p>In ogni caso, i tempi di spedizione sono sotto la responsabilit\u00e0 esclusiva delle Poste Italiane e\/o&nbsp; GLS, che sono referenti anche per la gestione degli indennizzi e dei rimborsi dovuti per l&#8217;eventuale smarrimento delle merci regolarmente spedite tramite i loro servizi.<\/p>\n\n\n\n<p>Come \u00e8 uso generale, ed in osservanza alle vigenti norme di legge, la merce viaggia sempre a rischio del destinatario.<\/p>\n\n\n\n<p>Nel caso in cui la merce non fosse a disposizione nel nostro magazzino, provvederemo ad inviarVi un messaggio di avviso, con indicati i tempi di consegna della merce non disponibile.<\/p>\n\n\n\n<p><strong>Annullamento ordine per mancato pagamento<\/strong><\/p>\n\n\n\n<p>Il pagamento dell&#8217;ordine effettuato, se in modalit\u00e0 diverse da PayPal (es. bonifico), deve avvenire <strong>entro e non oltre 7 giorni<\/strong> dall&#8217;inoltro dello stesso, superati i quali ci riserviamo di annullare l&#8217;ordine <strong>senza alcun preavviso<\/strong> e rimettere il prodotto in vendita.<\/p>\n\n\n\n<p><strong>Garanzia della merce<\/strong><\/p>\n\n\n\n<p>La merce \u00e8 garantita da My Emy di Di Blasio Emilia; in caso di difetti di fabbricazione della stessa, dovrete darne avviso a Le Magie di My Emy, Via Roma, 13, 18010 Santo Stefano al Mare IM, entro 7 giorni, a mezzo Raccomandata A\/R o mediante e-mail (in tal caso la stessa dovr\u00e0 essere seguita da Raccomandata A\/R inviata nelle 48 ore successive).<\/p>\n\n\n\n<p>La merce dovr\u00e0 essere spedita INTATTA e nel suo imballaggio originale [per intatta si intende perfettamente integra in ogni parte, come descritto in dettaglio nel paragrafo DIRITTO DI RECESSO qui sotto] unitamente allo scontrino (o fattura); appena avremo ricevuto la merce difettosa ed accertato il vizio della stessa, Ve la sostituiremo, salvo disponibilit\u00e0 di magazzino.<\/p>\n\n\n\n<p>Le Magie di My Emy non \u00e8 responsabile dei resi andati perduti o danneggiati dal vettore e, pertanto, \u00e8 consigliabile che il cliente assicuri la merce in restituzione.<\/p>\n\n\n\n<p><strong>Diritto di Recesso<\/strong><\/p>\n\n\n\n<p>Per esercitare il diritto di recesso, previsto nelle vendite a distanza e garantito dal decreto legislativo 185\/99, scrivete entro 10 giorni lavorativi dal ricevimento del pacco all&#8217;indirizzo <a href=\"mailto:info@lemagiedimyemy.it\" target=\"_blank\" rel=\"noreferrer noopener\">info@lemagiedimyemy.it<\/a>, specificando il riferimento al nostro scontrino (o fattura) e le coordinate bancarie presso le quali desiderate l&#8217;accredito.<\/p>\n\n\n\n<p>In questo caso sar\u00e0 Vostra cura provvedere alla spedizione dei prodotti, integri e nelle condizioni di ricevimento, nella loro confezione originale, insieme alla nostra fattura.<\/p>\n\n\n\n<p>Nel caso di kit di gomitoli e\/o matasse, essi dovranno essere INTATTI [non aperti e riavvolti, n\u00e9 alterati &nbsp;in alcun modo], provvisti delle fascette originali e con il peso nominale all&#8217;origine.<\/p>\n\n\n\n<p>I kit di gomitoli e\/o matasse, parzialmente utilizzati, anche a solo scopo di eseguire campioni, NON VERRANNO RIMBORSATI.<\/p>\n\n\n\n<p>Entro 14 giorni lavorativi dal loro ricevimento provvederemo a riaccreditarvi l&#8217;importo eventualmente gi\u00e0 pagato, ad esclusione delle spese di trasporto.<\/p>\n\n\n\n<p>I prodotti dovranno essere spediti a: Le Magie di My Emy, Via Roma, 13, 18010 Santo Stefano al Mare IM<\/p>\n\n\n\n<p><strong>Informativa ai sensi del D.Lgs. n.185\/99<\/strong><\/p>\n\n\n\n<p>Gli acquisti effettuati sul nostro sito, come tutti gli acquisti a distanza tramite telefono o corrispondenza, poich\u00e9 avvengono al di fuori da locali commerciali, sono tutelati dal D.Lgs n.185 del 22 maggio 1999, che prevede la possibilit\u00e0 da parte del consumatore di esercitare il diritto di recesso.<\/p>\n\n\n\n<p>Il consumatore pu\u00f2 esercitare il diritto di recesso entro un termine di 10 giorni lavorativi dal ricevimento della merce.<\/p>\n\n\n\n<p>Tale diritto consiste nella facolt\u00e0 di restituzione del bene acquistato al fornitore senza alcuna penalit\u00e0 e senza specificarne il motivo, e nel conseguente rimborso del prezzo di acquisto.<\/p>\n\n\n\n<p>Esclusioni: Il diritto di recesso si applica alle persone fisiche che agiscono per scopi non riferibili alla propria attivit\u00e0 professionale. Sono perci\u00f2 esclusi dal diritto di recesso gli acquisti effettuati da rivenditori e da aziende.<\/p>\n\n\n\n<p>Il diritto di recesso non si applica inoltre alle seguenti categorie di prodotti:<\/p>\n\n\n\n<p>a) audiovisivi o supporti software informatici sigillati aperti dal consumatore;<\/p>\n\n\n\n<p>b) giornali, periodici e riviste.<\/p>\n\n\n\n<p><a href=\"https:\/\/www.lemagiedimyemy.it\/\/wp-content\/uploads\/2018\/11\/Diritto_di_Recesso_D-Lgs-185-99.pdf\">\u00bb clicca qui per scaricare il testo del D.Lgs n.185 del 22 maggio 1999<\/a><\/p>\n","protected":false},"excerpt":{"rendered":"<p>Modalit\u00e0 di Pagamento Accettate Fattura Fiscale La Fattura Fiscale va richiesta al momento dell&#8217;Ordine, indicando tutti i dati ,la P.IVA e Codice Fiscale nell&#8217;apposito&hellip;<\/p>\n","protected":false},"author":1,"featured_media":73,"parent":0,"menu_order":0,"comment_status":"closed","ping_status":"closed","template":"","meta":{"footnotes":""},"class_list":["post-10","page","type-page","status-publish","has-post-thumbnail","hentry"],"yoast_head":"<!-- This site is optimized with the Yoast SEO plugin v27.6 - https:\/\/yoast.com\/product\/yoast-seo-wordpress\/ -->\n<title>Politica di rimborso e reso - Le Magie di My Emy<\/title>\n<meta name=\"robots\" content=\"index, follow, max-snippet:-1, max-image-preview:large, max-video-preview:-1\" \/>\n<link rel=\"canonical\" href=\"https:\/\/stage982.lemagiedimyemy.it\/?page_id=10\" \/>\n<meta property=\"og:locale\" content=\"it_IT\" \/>\n<meta property=\"og:type\" content=\"article\" \/>\n<meta property=\"og:title\" content=\"Politica di rimborso e reso - Le Magie di My Emy\" \/>\n<meta property=\"og:description\" content=\"Modalit\u00e0 di Pagamento Accettate Fattura Fiscale La Fattura Fiscale va richiesta al momento dell&#8217;Ordine, indicando tutti i dati ,la P.IVA e Codice Fiscale nell&#8217;apposito&hellip;\" \/>\n<meta property=\"og:url\" content=\"https:\/\/stage982.lemagiedimyemy.it\/?page_id=10\" \/>\n<meta property=\"og:site_name\" content=\"Le Magie di My Emy\" \/>\n<meta property=\"article:modified_time\" content=\"2026-03-15T08:16:36+00:00\" \/>\n<meta property=\"og:image\" content=\"https:\/\/stage982.lemagiedimyemy.it\/wp-content\/uploads\/2026\/02\/lemagiedimyemy_Le-magie-di-My-Emy-20250927_122100-2231033075.webp\" \/>\n\t<meta property=\"og:image:width\" content=\"1440\" \/>\n\t<meta property=\"og:image:height\" content=\"1440\" \/>\n\t<meta property=\"og:image:type\" content=\"image\/webp\" \/>\n<meta name=\"twitter:card\" content=\"summary_large_image\" \/>\n<meta name=\"twitter:label1\" content=\"Tempo di lettura stimato\" \/>\n\t<meta name=\"twitter:data1\" content=\"6 minuti\" \/>\n<script type=\"application\/ld+json\" class=\"yoast-schema-graph\">{\"@context\":\"https:\\\/\\\/schema.org\",\"@graph\":[{\"@type\":\"WebPage\",\"@id\":\"https:\\\/\\\/stage982.lemagiedimyemy.it\\\/?page_id=10\",\"url\":\"https:\\\/\\\/stage982.lemagiedimyemy.it\\\/?page_id=10\",\"name\":\"Politica di rimborso e reso - Le Magie di My Emy\",\"isPartOf\":{\"@id\":\"https:\\\/\\\/stage982.lemagiedimyemy.it\\\/#website\"},\"primaryImageOfPage\":{\"@id\":\"https:\\\/\\\/stage982.lemagiedimyemy.it\\\/?page_id=10#primaryimage\"},\"image\":{\"@id\":\"https:\\\/\\\/stage982.lemagiedimyemy.it\\\/?page_id=10#primaryimage\"},\"thumbnailUrl\":\"https:\\\/\\\/stage982.lemagiedimyemy.it\\\/wp-content\\\/uploads\\\/2026\\\/02\\\/lemagiedimyemy_Le-magie-di-My-Emy-20250927_122100-2231033075.webp\",\"datePublished\":\"2026-03-09T18:35:56+00:00\",\"dateModified\":\"2026-03-15T08:16:36+00:00\",\"breadcrumb\":{\"@id\":\"https:\\\/\\\/stage982.lemagiedimyemy.it\\\/?page_id=10#breadcrumb\"},\"inLanguage\":\"it-IT\",\"potentialAction\":[{\"@type\":\"ReadAction\",\"target\":[\"https:\\\/\\\/stage982.lemagiedimyemy.it\\\/?page_id=10\"]}]},{\"@type\":\"ImageObject\",\"inLanguage\":\"it-IT\",\"@id\":\"https:\\\/\\\/stage982.lemagiedimyemy.it\\\/?page_id=10#primaryimage\",\"url\":\"https:\\\/\\\/stage982.lemagiedimyemy.it\\\/wp-content\\\/uploads\\\/2026\\\/02\\\/lemagiedimyemy_Le-magie-di-My-Emy-20250927_122100-2231033075.webp\",\"contentUrl\":\"https:\\\/\\\/stage982.lemagiedimyemy.it\\\/wp-content\\\/uploads\\\/2026\\\/02\\\/lemagiedimyemy_Le-magie-di-My-Emy-20250927_122100-2231033075.webp\",\"width\":1440,\"height\":1440},{\"@type\":\"BreadcrumbList\",\"@id\":\"https:\\\/\\\/stage982.lemagiedimyemy.it\\\/?page_id=10#breadcrumb\",\"itemListElement\":[{\"@type\":\"ListItem\",\"position\":1,\"name\":\"Home\",\"item\":\"https:\\\/\\\/stage982.lemagiedimyemy.it\\\/\"},{\"@type\":\"ListItem\",\"position\":2,\"name\":\"Politica di rimborso e reso\"}]},{\"@type\":\"WebSite\",\"@id\":\"https:\\\/\\\/stage982.lemagiedimyemy.it\\\/#website\",\"url\":\"https:\\\/\\\/stage982.lemagiedimyemy.it\\\/\",\"name\":\"Le Magie di My Emy\",\"description\":\"Filati e merceria per chi ama creare con il cuore... punto dopo punto!\",\"publisher\":{\"@id\":\"https:\\\/\\\/stage982.lemagiedimyemy.it\\\/#organization\"},\"potentialAction\":[{\"@type\":\"SearchAction\",\"target\":{\"@type\":\"EntryPoint\",\"urlTemplate\":\"https:\\\/\\\/stage982.lemagiedimyemy.it\\\/?s={search_term_string}\"},\"query-input\":{\"@type\":\"PropertyValueSpecification\",\"valueRequired\":true,\"valueName\":\"search_term_string\"}}],\"inLanguage\":\"it-IT\"},{\"@type\":\"Organization\",\"@id\":\"https:\\\/\\\/stage982.lemagiedimyemy.it\\\/#organization\",\"name\":\"Le Magie di My Emy\",\"url\":\"https:\\\/\\\/stage982.lemagiedimyemy.it\\\/\",\"logo\":{\"@type\":\"ImageObject\",\"inLanguage\":\"it-IT\",\"@id\":\"https:\\\/\\\/stage982.lemagiedimyemy.it\\\/#\\\/schema\\\/logo\\\/image\\\/\",\"url\":\"https:\\\/\\\/stage982.lemagiedimyemy.it\\\/wp-content\\\/uploads\\\/2026\\\/02\\\/logo_trasp-e1772268729345.png\",\"contentUrl\":\"https:\\\/\\\/stage982.lemagiedimyemy.it\\\/wp-content\\\/uploads\\\/2026\\\/02\\\/logo_trasp-e1772268729345.png\",\"width\":1336,\"height\":860,\"caption\":\"Le Magie di My Emy\"},\"image\":{\"@id\":\"https:\\\/\\\/stage982.lemagiedimyemy.it\\\/#\\\/schema\\\/logo\\\/image\\\/\"}}]}<\/script>\n<!-- \/ Yoast SEO plugin. -->","yoast_head_json":{"title":"Politica di rimborso e reso - Le Magie di My Emy","robots":{"index":"index","follow":"follow","max-snippet":"max-snippet:-1","max-image-preview":"max-image-preview:large","max-video-preview":"max-video-preview:-1"},"canonical":"https:\/\/stage982.lemagiedimyemy.it\/?page_id=10","og_locale":"it_IT","og_type":"article","og_title":"Politica di rimborso e reso - Le Magie di My Emy","og_description":"Modalit\u00e0 di Pagamento Accettate Fattura Fiscale La Fattura Fiscale va richiesta al momento dell&#8217;Ordine, indicando tutti i dati ,la P.IVA e Codice Fiscale nell&#8217;apposito&hellip;","og_url":"https:\/\/stage982.lemagiedimyemy.it\/?page_id=10","og_site_name":"Le Magie di My Emy","article_modified_time":"2026-03-15T08:16:36+00:00","og_image":[{"width":1440,"height":1440,"url":"https:\/\/stage982.lemagiedimyemy.it\/wp-content\/uploads\/2026\/02\/lemagiedimyemy_Le-magie-di-My-Emy-20250927_122100-2231033075.webp","type":"image\/webp"}],"twitter_card":"summary_large_image","twitter_misc":{"Tempo di lettura stimato":"6 minuti"},"schema":{"@context":"https:\/\/schema.org","@graph":[{"@type":"WebPage","@id":"https:\/\/stage982.lemagiedimyemy.it\/?page_id=10","url":"https:\/\/stage982.lemagiedimyemy.it\/?page_id=10","name":"Politica di rimborso e reso - Le Magie di My Emy","isPartOf":{"@id":"https:\/\/stage982.lemagiedimyemy.it\/#website"},"primaryImageOfPage":{"@id":"https:\/\/stage982.lemagiedimyemy.it\/?page_id=10#primaryimage"},"image":{"@id":"https:\/\/stage982.lemagiedimyemy.it\/?page_id=10#primaryimage"},"thumbnailUrl":"https:\/\/stage982.lemagiedimyemy.it\/wp-content\/uploads\/2026\/02\/lemagiedimyemy_Le-magie-di-My-Emy-20250927_122100-2231033075.webp","datePublished":"2026-03-09T18:35:56+00:00","dateModified":"2026-03-15T08:16:36+00:00","breadcrumb":{"@id":"https:\/\/stage982.lemagiedimyemy.it\/?page_id=10#breadcrumb"},"inLanguage":"it-IT","potentialAction":[{"@type":"ReadAction","target":["https:\/\/stage982.lemagiedimyemy.it\/?page_id=10"]}]},{"@type":"ImageObject","inLanguage":"it-IT","@id":"https:\/\/stage982.lemagiedimyemy.it\/?page_id=10#primaryimage","url":"https:\/\/stage982.lemagiedimyemy.it\/wp-content\/uploads\/2026\/02\/lemagiedimyemy_Le-magie-di-My-Emy-20250927_122100-2231033075.webp","contentUrl":"https:\/\/stage982.lemagiedimyemy.it\/wp-content\/uploads\/2026\/02\/lemagiedimyemy_Le-magie-di-My-Emy-20250927_122100-2231033075.webp","width":1440,"height":1440},{"@type":"BreadcrumbList","@id":"https:\/\/stage982.lemagiedimyemy.it\/?page_id=10#breadcrumb","itemListElement":[{"@type":"ListItem","position":1,"name":"Home","item":"https:\/\/stage982.lemagiedimyemy.it\/"},{"@type":"ListItem","position":2,"name":"Politica di rimborso e reso"}]},{"@type":"WebSite","@id":"https:\/\/stage982.lemagiedimyemy.it\/#website","url":"https:\/\/stage982.lemagiedimyemy.it\/","name":"Le Magie di My Emy","description":"Filati e merceria per chi ama creare con il cuore... punto dopo punto!","publisher":{"@id":"https:\/\/stage982.lemagiedimyemy.it\/#organization"},"potentialAction":[{"@type":"SearchAction","target":{"@type":"EntryPoint","urlTemplate":"https:\/\/stage982.lemagiedimyemy.it\/?s={search_term_string}"},"query-input":{"@type":"PropertyValueSpecification","valueRequired":true,"valueName":"search_term_string"}}],"inLanguage":"it-IT"},{"@type":"Organization","@id":"https:\/\/stage982.lemagiedimyemy.it\/#organization","name":"Le Magie di My Emy","url":"https:\/\/stage982.lemagiedimyemy.it\/","logo":{"@type":"ImageObject","inLanguage":"it-IT","@id":"https:\/\/stage982.lemagiedimyemy.it\/#\/schema\/logo\/image\/","url":"https:\/\/stage982.lemagiedimyemy.it\/wp-content\/uploads\/2026\/02\/logo_trasp-e1772268729345.png","contentUrl":"https:\/\/stage982.lemagiedimyemy.it\/wp-content\/uploads\/2026\/02\/logo_trasp-e1772268729345.png","width":1336,"height":860,"caption":"Le Magie di My Emy"},"image":{"@id":"https:\/\/stage982.lemagiedimyemy.it\/#\/schema\/logo\/image\/"}}]}},"_links":{"self":[{"href":"https:\/\/stage982.lemagiedimyemy.it\/index.php?rest_route=\/wp\/v2\/pages\/10","targetHints":{"allow":["GET"]}}],"collection":[{"href":"https:\/\/stage982.lemagiedimyemy.it\/index.php?rest_route=\/wp\/v2\/pages"}],"about":[{"href":"https:\/\/stage982.lemagiedimyemy.it\/index.php?rest_route=\/wp\/v2\/types\/page"}],"author":[{"embeddable":true,"href":"https:\/\/stage982.lemagiedimyemy.it\/index.php?rest_route=\/wp\/v2\/users\/1"}],"replies":[{"embeddable":true,"href":"https:\/\/stage982.lemagiedimyemy.it\/index.php?rest_route=%2Fwp%2Fv2%2Fcomments&post=10"}],"version-history":[{"count":2,"href":"https:\/\/stage982.lemagiedimyemy.it\/index.php?rest_route=\/wp\/v2\/pages\/10\/revisions"}],"predecessor-version":[{"id":1038,"href":"https:\/\/stage982.lemagiedimyemy.it\/index.php?rest_route=\/wp\/v2\/pages\/10\/revisions\/1038"}],"wp:featuredmedia":[{"embeddable":true,"href":"https:\/\/stage982.lemagiedimyemy.it\/index.php?rest_route=\/wp\/v2\/media\/73"}],"wp:attachment":[{"href":"https:\/\/stage982.lemagiedimyemy.it\/index.php?rest_route=%2Fwp%2Fv2%2Fmedia&parent=10"}],"curies":[{"name":"wp","href":"https:\/\/api.w.org\/{rel}","templated":true}]}}